{"id":4678,"date":"2024-02-09T18:08:53","date_gmt":"2024-02-09T17:08:53","guid":{"rendered":"https:\/\/www.justunlimited.com\/?page_id=4678"},"modified":"2024-02-09T19:01:56","modified_gmt":"2024-02-09T18:01:56","slug":"mentions-legales-confidentialite","status":"publish","type":"page","link":"https:\/\/www.justunlimited.com\/fr\/mentions-legales-confidentialite\/","title":{"rendered":"Mentions L\u00e9gales &#038; Confidentialit\u00e9"},"content":{"rendered":"<p><div class=\"fusion-fullwidth fullwidth-box fusion-builder-row-1 fusion-flex-container has-pattern-background has-mask-background fusion-parallax-none nonhundred-percent-fullwidth non-hundred-percent-height-scrolling lazyload\" style=\"--awb-border-radius-top-left:0px;--awb-border-radius-top-right:0px;--awb-border-radius-bottom-right:0px;--awb-border-radius-bottom-left:0px;--awb-padding-top:8%;--awb-padding-bottom:8%;--awb-background-color:var(--awb-color3);--awb-background-size:cover;--awb-flex-wrap:wrap;\" data-bg=\"https:\/\/www.justunlimited.com\/wp-content\/uploads\/2023\/01\/international-event-management-justunlimited-1.jpg\" ><div class=\"fusion-builder-row fusion-row fusion-flex-align-items-stretch fusion-flex-content-wrap\" style=\"max-width:1289.6px;margin-left: calc(-4% \/ 2 );margin-right: calc(-4% \/ 2 );\"><div class=\"fusion-layout-column fusion_builder_column fusion-builder-column-0 fusion_builder_column_1_6 1_6 fusion-flex-column fusion-no-small-visibility\" style=\"--awb-bg-size:cover;--awb-width-large:16.666666666667%;--awb-margin-top-large:0px;--awb-spacing-right-large:11.52%;--awb-margin-bottom-large:10px;--awb-spacing-left-large:11.52%;--awb-width-medium:100%;--awb-spacing-right-medium:1.92%;--awb-spacing-left-medium:1.92%;--awb-width-small:100%;--awb-spacing-right-small:1.92%;--awb-spacing-left-small:1.92%;\"><div class=\"fusion-column-wrapper fusion-column-has-shadow fusion-flex-justify-content-flex-start fusion-content-layout-column\"><\/div><\/div><div class=\"fusion-layout-column fusion_builder_column fusion-builder-column-1 fusion_builder_column_2_3 2_3 fusion-flex-column fusion-animated\" style=\"--awb-bg-size:cover;--awb-width-large:66.666666666667%;--awb-margin-top-large:10px;--awb-spacing-right-large:2.88%;--awb-margin-bottom-large:10px;--awb-spacing-left-large:2.88%;--awb-width-medium:100%;--awb-spacing-right-medium:1.92%;--awb-spacing-left-medium:1.92%;--awb-width-small:100%;--awb-spacing-right-small:1.92%;--awb-spacing-left-small:1.92%;\" data-animationType=\"fadeInDown\" data-animationDuration=\"0.8\" data-animationOffset=\"top-into-view\"><div class=\"fusion-column-wrapper fusion-column-has-shadow fusion-flex-justify-content-flex-start fusion-content-layout-column\"><div class=\"fusion-title title fusion-title-1 fusion-title-center fusion-title-text fusion-title-size-one\" style=\"--awb-text-color:var(--awb-color1);--awb-margin-top-small:0px;--awb-margin-right-small:0px;--awb-margin-bottom-small:20px;--awb-margin-left-small:0px;\"><div class=\"title-sep-container title-sep-container-left\"><div class=\"title-sep sep- sep-solid\" style=\"border-color:var(--awb-color3);\"><\/div><\/div><span class=\"awb-title-spacer\"><\/span><h1 class=\"fusion-title-heading title-heading-center fusion-responsive-typography-calculated\" style=\"margin:0;text-transform:none;--fontSize:60;line-height:var(--awb-typography1-line-height);text-shadow:2px 2px 5px var(--awb-color6);\"><p style=\"text-align: center;\">Mentions L\u00e9gales &amp; Confidentialit\u00e9<\/p><\/h1><span class=\"awb-title-spacer\"><\/span><div class=\"title-sep-container title-sep-container-right\"><div class=\"title-sep sep- sep-solid\" style=\"border-color:var(--awb-color3);\"><\/div><\/div><\/div><\/div><\/div><div class=\"fusion-layout-column fusion_builder_column fusion-builder-column-2 fusion_builder_column_1_6 1_6 fusion-flex-column fusion-no-small-visibility\" style=\"--awb-bg-size:cover;--awb-width-large:16.666666666667%;--awb-margin-top-large:0px;--awb-spacing-right-large:11.52%;--awb-margin-bottom-large:10PX;--awb-spacing-left-large:11.52%;--awb-width-medium:100%;--awb-spacing-right-medium:1.92%;--awb-spacing-left-medium:1.92%;--awb-width-small:100%;--awb-spacing-right-small:1.92%;--awb-spacing-left-small:1.92%;\"><div class=\"fusion-column-wrapper fusion-column-has-shadow fusion-flex-justify-content-flex-start fusion-content-layout-column\"><\/div><\/div><\/div><\/div><div class=\"fusion-fullwidth fullwidth-box fusion-builder-row-2 fusion-flex-container has-pattern-background has-mask-background nonhundred-percent-fullwidth non-hundred-percent-height-scrolling\" style=\"--awb-border-radius-top-left:0px;--awb-border-radius-top-right:0px;--awb-border-radius-bottom-right:0px;--awb-border-radius-bottom-left:0px;--awb-padding-top:4%;--awb-padding-right:5%;--awb-padding-bottom:3%;--awb-padding-left:5%;--awb-background-color:var(--awb-color2);--awb-flex-wrap:wrap;\" ><div class=\"fusion-builder-row fusion-row fusion-flex-align-items-stretch fusion-flex-content-wrap\" style=\"max-width:1289.6px;margin-left: calc(-4% \/ 2 );margin-right: calc(-4% \/ 2 );\"><div class=\"fusion-layout-column fusion_builder_column fusion-builder-column-3 fusion_builder_column_1_5 1_5 fusion-flex-column\" style=\"--awb-bg-size:cover;--awb-width-large:20%;--awb-margin-top-large:0px;--awb-spacing-right-large:9.6%;--awb-margin-bottom-large:20px;--awb-spacing-left-large:9.6%;--awb-width-medium:100%;--awb-order-medium:0;--awb-spacing-right-medium:1.92%;--awb-spacing-left-medium:1.92%;--awb-width-small:100%;--awb-order-small:0;--awb-spacing-right-small:1.92%;--awb-spacing-left-small:1.92%;\"><div class=\"fusion-column-wrapper fusion-column-has-shadow fusion-flex-justify-content-flex-start fusion-content-layout-column\"><div class=\"fusion-separator fusion-full-width-sep\" style=\"align-self: center;margin-left: auto;margin-right: auto;width:100%;\"><div class=\"fusion-separator-border sep-double\" style=\"--awb-height:20px;--awb-amount:20px;border-color:var(--awb-color3);border-top-width:0px;border-bottom-width:0px;\"><\/div><\/div><\/div><\/div><div class=\"fusion-layout-column fusion_builder_column fusion-builder-column-4 fusion_builder_column_3_5 3_5 fusion-flex-column fusion-flex-align-self-stretch fusion-animated\" style=\"--awb-padding-top:10%;--awb-padding-right:10%;--awb-padding-bottom:10%;--awb-padding-left:10%;--awb-bg-color:var(--awb-color1);--awb-bg-color-hover:var(--awb-color1);--awb-bg-size:cover;--awb-width-large:60%;--awb-margin-top-large:10px;--awb-spacing-right-large:3.2%;--awb-margin-bottom-large:15px;--awb-spacing-left-large:3.2%;--awb-width-medium:100%;--awb-order-medium:0;--awb-spacing-right-medium:1.92%;--awb-spacing-left-medium:1.92%;--awb-width-small:100%;--awb-order-small:0;--awb-margin-top-small:30px;--awb-spacing-right-small:1.92%;--awb-margin-bottom-small:10px;--awb-spacing-left-small:1.92%;\" data-animationType=\"fadeIn\" data-animationDuration=\"0.8\" data-animationOffset=\"top-into-view\"><div class=\"fusion-column-wrapper fusion-column-has-shadow fusion-flex-justify-content-flex-start fusion-content-layout-column\"><div class=\"fusion-title title fusion-title-2 fusion-title-text fusion-title-size-two\" style=\"--awb-margin-bottom:32px;--awb-margin-top-small:0px;--awb-margin-right-small:0px;--awb-margin-bottom-small:20px;--awb-margin-left-small:0px;\"><div class=\"title-sep-container title-sep-container-left fusion-no-large-visibility fusion-no-medium-visibility fusion-no-small-visibility\"><div class=\"title-sep sep- sep-solid\" style=\"border-color:var(--awb-color3);\"><\/div><\/div><span class=\"awb-title-spacer fusion-no-large-visibility fusion-no-medium-visibility fusion-no-small-visibility\"><\/span><h2 class=\"fusion-title-heading title-heading-left fusion-responsive-typography-calculated\" style=\"margin:0;text-transform:none;--fontSize:40;line-height:1.29;\">Mentions L\u00e9gales<\/h2><span class=\"awb-title-spacer\"><\/span><div class=\"title-sep-container title-sep-container-right\"><div class=\"title-sep sep- sep-solid\" style=\"border-color:var(--awb-color3);\"><\/div><\/div><\/div><div class=\"fusion-text fusion-text-1\" style=\"--awb-content-alignment:justify;\"><p style=\"text-align: center;\">Le pr\u00e9sent site est \u00e9dit\u00e9 par <strong>JustUnlimited<\/strong><br \/>\nrepr\u00e9sent\u00e9 par <strong>M. Jean-Christophe Goethals<\/strong><br \/>\ndont le si\u00e8ge social est sis :<br \/>\n<strong>IBC, Les Industries | 2 Rue du Gabian | 98000 Monaco<\/strong><\/p>\n<p style=\"text-align: center;\">L\u2019\u00e9diteur est joignable<br \/>\npar courrier \u00e9lectronique \u00e0 l\u2019adresse suivante <strong>contact@justunlimited.com<\/strong><br \/>\net par t\u00e9l\u00e9phone au <strong>+377 97 77 24 14<\/strong>.<\/p>\n<\/div><div class=\"fusion-title title fusion-title-3 fusion-title-text fusion-title-size-two\" style=\"--awb-margin-bottom:32px;--awb-margin-top-small:0px;--awb-margin-right-small:0px;--awb-margin-bottom-small:20px;--awb-margin-left-small:0px;\"><div class=\"title-sep-container title-sep-container-left fusion-no-large-visibility fusion-no-medium-visibility fusion-no-small-visibility\"><div class=\"title-sep sep- sep-solid\" style=\"border-color:var(--awb-color3);\"><\/div><\/div><span class=\"awb-title-spacer fusion-no-large-visibility fusion-no-medium-visibility fusion-no-small-visibility\"><\/span><h2 class=\"fusion-title-heading title-heading-left fusion-responsive-typography-calculated\" style=\"margin:0;text-transform:none;--fontSize:40;line-height:1.29;\">Politique de Confidentialit\u00e9<\/h2><span class=\"awb-title-spacer\"><\/span><div class=\"title-sep-container title-sep-container-right\"><div class=\"title-sep sep- sep-solid\" style=\"border-color:var(--awb-color3);\"><\/div><\/div><\/div><div class=\"fusion-text fusion-text-2\" style=\"--awb-content-alignment:justify;\"><p>JustUnlimited accorde une grande importance \u00e0 la protection des informations nominatives. Vous trouverez ci-dessous conform\u00e9ment \u00e0 la Loi 78-17 du 6 janvier 1978 modifi\u00e9e par la loi n\u00b02018-493 du 20 juin 2018, il est rappel\u00e9 que les donn\u00e9es nominatives demand\u00e9es au Client sont n\u00e9cessaires au traitement de sa commande et \u00e0 l\u2019\u00e9tablissement des factures, notamment&#8230;<\/p>\n<h3>Mentions relatives \u00e0 la loi Informatique et des Libert\u00e9s, du 6 janvier 1978<\/h3>\n<h4>G\u00e9n\u00e9ralit\u00e9s<\/h4>\n<p>Les internautes disposent de la libre facult\u00e9 de fournir des informations personnelles les concernant. La fourniture d\u2019informations personnelles n\u2019est pas indispensable pour la navigation sur le site. En revanche, l\u2019inscription sur le pr\u00e9sent site suppose la collecte, par l\u2019\u00e9diteur, d\u2019un certain nombre d\u2019informations personnelles concernant les internautes. Les internautes ne souhaitant pas fournir les informations n\u00e9cessaires \u00e0 l\u2019utilisation des services offerts par le pr\u00e9sent site ainsi que, le cas \u00e9ch\u00e9ant, n\u00e9cessaires \u00e0 la cr\u00e9ation d\u2019un espace personnel, ne pourront ni utiliser les services propos\u00e9s par l\u2019\u00e9diteur du pr\u00e9sent site, ni passer commande sur le pr\u00e9sent site.<br \/>\nDans le cadre d\u2019une commande sur le pr\u00e9sent site, les informations relatives \u00e0 la collecte de donn\u00e9es relatives au paiement, notamment le num\u00e9ro de carte bancaire et son utilisation \u00e0 des fins d\u2019identification commerciale est subordonn\u00e9e au recueil du consentement de la personne concern\u00e9e, \u00e0 travers les diff\u00e9rents formulaires pr\u00e9sents sur le site.<br \/>\nLes donn\u00e9es r\u00e9colt\u00e9es sont n\u00e9cessaires \u00e0 la bonne administration des services propos\u00e9s sur le pr\u00e9sent site ainsi qu\u2019au respect de ses obligations contractuelles par l\u2019\u00e9diteur. Ces donn\u00e9es sont conserv\u00e9es par l\u2019\u00e9diteur en cette unique qualit\u00e9, et l\u2019\u00e9diteur s\u2019engage \u00e0 ne pas les utiliser dans un autre cadre, ni \u00e0 les transmettre \u00e0 des tiers, hors accord express des utilisateurs ou cas pr\u00e9vus par la loi.<br \/>\nLes coordonn\u00e9es de tous les utilisateurs inscrits sur le pr\u00e9sent site sont sauvegard\u00e9es pour une dur\u00e9e de un an, dur\u00e9e raisonnable n\u00e9cessaire \u00e0 la bonne administration du site et \u00e0 une utilisation normale des donn\u00e9es. Ces donn\u00e9es sont conserv\u00e9es dans des conditions s\u00e9curis\u00e9es, selon les moyens actuels de la technique, dans le respect des dispositions de la Loi Informatique et Libert\u00e9s du 6 janvier 1978.<\/p>\n<h4>Droit d\u2019acc\u00e8s, de rectification et d\u2019opposition<\/h4>\n<p>Conform\u00e9ment \u00e0 cette derni\u00e8re, ils disposent d\u2019un droit d\u2019opposition, d\u2019interrogation, d\u2019acc\u00e8s et de rectification des donn\u00e9es qu\u2019ils ont fournies. Pour cela, il leur suffit d\u2019en faire la demande \u00e0 l\u2019\u00e9diteur du pr\u00e9sent site, en la formulant \u00e0 l\u2019adresse \u00e9lectronique suivante : contact@justunlimited.com ou encore par courrier postal \u00e0 l\u2019adresse du si\u00e8ge de l\u2019\u00e9diteur mentionn\u00e9 en t\u00eate de la pr\u00e9sente page.<br \/>\nLes donn\u00e9es personnelles collect\u00e9es font l\u2019objet d\u2019un traitement informatique et sont exclusivement r\u00e9serv\u00e9es \u00e0 l\u2019\u00e9diteur du site.Les donn\u00e9es personnelles r\u00e9colt\u00e9es ne font l\u2019objet d\u2019aucun transfert vers l\u2019\u00e9tranger.<\/p>\n<h4>Adresses IP<\/h4>\n<p>En outre, l&rsquo;\u00e9diteur se r\u00e9serve le droit de collecter adresse IP (Internet Protocol) publique de tous les internautes. La collecte de cette adresse IP sera effectu\u00e9e de fa\u00e7on anonyme, elle sera conserv\u00e9e pour la m\u00eame dur\u00e9e que les informations personnelles et ne sera destin\u00e9e qu\u2019\u00e0 permettre une bonne administration des services propos\u00e9s sur le pr\u00e9sent site. L&rsquo;adresse IP correspond \u00e0 une s\u00e9rie de chiffres s\u00e9par\u00e9s de points permettant l\u2019identification unique d\u2019un ordinateur sur le r\u00e9seau Internet.<br \/>\nL&rsquo;\u00e9diteur devra communiquer toutes les donn\u00e9es personnelles relatives \u00e0 un internaute \u00e0 la Police (sur r\u00e9quisition judiciaire) ou \u00e0 toute personne (sur ordonnance du juge). L\u2019adresse IP de votre ordinateur pourra faire l\u2019objet d\u2019un rapprochement avec l\u2019identit\u00e9 effective de l\u2019abonn\u00e9 d\u00e9tenue par le FAI (fournisseurs d\u2019acc\u00e8s \u00e0 l\u2019internet).<\/p>\n<\/div><\/div><\/div><div class=\"fusion-layout-column fusion_builder_column fusion-builder-column-5 fusion_builder_column_1_5 1_5 fusion-flex-column\" style=\"--awb-bg-size:cover;--awb-width-large:20%;--awb-margin-top-large:0px;--awb-spacing-right-large:9.6%;--awb-margin-bottom-large:20px;--awb-spacing-left-large:9.6%;--awb-width-medium:100%;--awb-order-medium:0;--awb-spacing-right-medium:1.92%;--awb-spacing-left-medium:1.92%;--awb-width-small:100%;--awb-order-small:0;--awb-spacing-right-small:1.92%;--awb-spacing-left-small:1.92%;\"><div class=\"fusion-column-wrapper fusion-column-has-shadow fusion-flex-justify-content-flex-start fusion-content-layout-column\"><div class=\"fusion-separator fusion-full-width-sep\" style=\"align-self: center;margin-left: auto;margin-right: auto;width:100%;\"><div class=\"fusion-separator-border sep-double\" style=\"--awb-height:20px;--awb-amount:20px;border-color:var(--awb-color3);border-top-width:0px;border-bottom-width:0px;\"><\/div><\/div><\/div><\/div><\/div><\/div><div class=\"fusion-fullwidth fullwidth-box fusion-builder-row-3 fusion-flex-container has-pattern-background has-mask-background nonhundred-percent-fullwidth non-hundred-percent-height-scrolling\" style=\"--awb-border-radius-top-left:0px;--awb-border-radius-top-right:0px;--awb-border-radius-bottom-right:0px;--awb-border-radius-bottom-left:0px;--awb-margin-top:0px px;--awb-margin-bottom:0px px;--awb-margin-top-medium:50px;--awb-margin-bottom-medium:50px;--awb-margin-top-small:30px;--awb-margin-bottom-small:30px;--awb-flex-wrap:wrap;\" ><div class=\"fusion-builder-row fusion-row fusion-flex-align-items-center fusion-flex-content-wrap\" style=\"max-width:1289.6px;margin-left: calc(-4% \/ 2 );margin-right: calc(-4% \/ 2 );\"><div class=\"fusion-layout-column fusion_builder_column fusion-builder-column-6 fusion_builder_column_1_1 1_1 fusion-flex-column\" style=\"--awb-bg-size:cover;--awb-width-large:100%;--awb-margin-top-large:0px;--awb-spacing-right-large:170px;--awb-margin-bottom-large:20px;--awb-spacing-left-large:170px;--awb-width-medium:100%;--awb-order-medium:0;--awb-spacing-right-medium:14.4%;--awb-spacing-left-medium:14.4%;--awb-width-small:100%;--awb-order-small:0;--awb-spacing-right-small:31.68%;--awb-spacing-left-small:31.68%;\"><div class=\"fusion-column-wrapper fusion-column-has-shadow fusion-flex-justify-content-center fusion-content-layout-column\"><div class=\"fusion-separator fusion-full-width-sep\" style=\"align-self: center;margin-left: auto;margin-right: auto;margin-top:30px;width:100%;\"><div class=\"fusion-separator-border sep-double\" style=\"--awb-height:20px;--awb-amount:20px;border-color:var(--awb-color3);border-top-width:0px;border-bottom-width:0px;\"><\/div><\/div><\/div><\/div><\/div><\/div><\/p>\n","protected":false},"excerpt":{"rendered":"","protected":false},"author":2,"featured_media":0,"parent":0,"menu_order":0,"comment_status":"closed","ping_status":"closed","template":"100-width.php","meta":{"footnotes":""},"class_list":["post-4678","page","type-page","status-publish","hentry"],"yoast_head":"<!-- This site is optimized with the Yoast SEO plugin v27.3 - https:\/\/yoast.com\/product\/yoast-seo-wordpress\/ -->\n<title>JustUnlimited, your events organiser on the French Riviera<\/title>\n<meta name=\"description\" content=\"Get in touch with us to discuss about your private or professional event in Monaco.\" \/>\n<meta name=\"robots\" content=\"index, follow, max-snippet:-1, max-image-preview:large, max-video-preview:-1\" \/>\n<link rel=\"canonical\" href=\"https:\/\/www.justunlimited.com\/fr\/mentions-legales-confidentialite\/\" \/>\n<meta property=\"og:locale\" content=\"fr_FR\" \/>\n<meta property=\"og:type\" content=\"article\" \/>\n<meta property=\"og:title\" content=\"JustUnlimited, your events organiser on the French Riviera\" \/>\n<meta property=\"og:description\" content=\"Get in touch with us to discuss about your private or professional event in Monaco.\" \/>\n<meta property=\"og:url\" content=\"https:\/\/www.justunlimited.com\/fr\/mentions-legales-confidentialite\/\" \/>\n<meta property=\"og:site_name\" content=\"JustUnlimited\" \/>\n<meta property=\"article:modified_time\" content=\"2024-02-09T18:01:56+00:00\" \/>\n<meta name=\"twitter:card\" content=\"summary_large_image\" \/>\n<meta name=\"twitter:label1\" content=\"Dur\u00e9e de lecture estim\u00e9e\" \/>\n\t<meta name=\"twitter:data1\" content=\"3 minutes\" \/>\n<script type=\"application\/ld+json\" class=\"yoast-schema-graph\">{\"@context\":\"https:\\\/\\\/schema.org\",\"@graph\":[{\"@type\":\"WebPage\",\"@id\":\"https:\\\/\\\/www.justunlimited.com\\\/fr\\\/mentions-legales-confidentialite\\\/\",\"url\":\"https:\\\/\\\/www.justunlimited.com\\\/fr\\\/mentions-legales-confidentialite\\\/\",\"name\":\"JustUnlimited, your events organiser on the French Riviera\",\"isPartOf\":{\"@id\":\"https:\\\/\\\/www.justunlimited.com\\\/en\\\/#website\"},\"datePublished\":\"2024-02-09T17:08:53+00:00\",\"dateModified\":\"2024-02-09T18:01:56+00:00\",\"description\":\"Get in touch with us to discuss about your private or professional event in Monaco.\",\"breadcrumb\":{\"@id\":\"https:\\\/\\\/www.justunlimited.com\\\/fr\\\/mentions-legales-confidentialite\\\/#breadcrumb\"},\"inLanguage\":\"fr-FR\",\"potentialAction\":[{\"@type\":\"ReadAction\",\"target\":[\"https:\\\/\\\/www.justunlimited.com\\\/fr\\\/mentions-legales-confidentialite\\\/\"]}]},{\"@type\":\"BreadcrumbList\",\"@id\":\"https:\\\/\\\/www.justunlimited.com\\\/fr\\\/mentions-legales-confidentialite\\\/#breadcrumb\",\"itemListElement\":[{\"@type\":\"ListItem\",\"position\":1,\"name\":\"Accueil\",\"item\":\"https:\\\/\\\/www.justunlimited.com\\\/fr\\\/\"},{\"@type\":\"ListItem\",\"position\":2,\"name\":\"Mentions L\u00e9gales &#038; Confidentialit\u00e9\"}]},{\"@type\":\"WebSite\",\"@id\":\"https:\\\/\\\/www.justunlimited.com\\\/en\\\/#website\",\"url\":\"https:\\\/\\\/www.justunlimited.com\\\/en\\\/\",\"name\":\"JustUnlimited\",\"description\":\"Agence \u00e9v\u00e9nementielle de luxe bas\u00e9e \u00e0 Monaco\",\"potentialAction\":[{\"@type\":\"SearchAction\",\"target\":{\"@type\":\"EntryPoint\",\"urlTemplate\":\"https:\\\/\\\/www.justunlimited.com\\\/en\\\/?s={search_term_string}\"},\"query-input\":{\"@type\":\"PropertyValueSpecification\",\"valueRequired\":true,\"valueName\":\"search_term_string\"}}],\"inLanguage\":\"fr-FR\"}]}<\/script>\n<!-- \/ Yoast SEO plugin. -->","yoast_head_json":{"title":"JustUnlimited, your events organiser on the French Riviera","description":"Get in touch with us to discuss about your private or professional event in Monaco.","robots":{"index":"index","follow":"follow","max-snippet":"max-snippet:-1","max-image-preview":"max-image-preview:large","max-video-preview":"max-video-preview:-1"},"canonical":"https:\/\/www.justunlimited.com\/fr\/mentions-legales-confidentialite\/","og_locale":"fr_FR","og_type":"article","og_title":"JustUnlimited, your events organiser on the French Riviera","og_description":"Get in touch with us to discuss about your private or professional event in Monaco.","og_url":"https:\/\/www.justunlimited.com\/fr\/mentions-legales-confidentialite\/","og_site_name":"JustUnlimited","article_modified_time":"2024-02-09T18:01:56+00:00","twitter_card":"summary_large_image","twitter_misc":{"Dur\u00e9e de lecture estim\u00e9e":"3 minutes"},"schema":{"@context":"https:\/\/schema.org","@graph":[{"@type":"WebPage","@id":"https:\/\/www.justunlimited.com\/fr\/mentions-legales-confidentialite\/","url":"https:\/\/www.justunlimited.com\/fr\/mentions-legales-confidentialite\/","name":"JustUnlimited, your events organiser on the French Riviera","isPartOf":{"@id":"https:\/\/www.justunlimited.com\/en\/#website"},"datePublished":"2024-02-09T17:08:53+00:00","dateModified":"2024-02-09T18:01:56+00:00","description":"Get in touch with us to discuss about your private or professional event in Monaco.","breadcrumb":{"@id":"https:\/\/www.justunlimited.com\/fr\/mentions-legales-confidentialite\/#breadcrumb"},"inLanguage":"fr-FR","potentialAction":[{"@type":"ReadAction","target":["https:\/\/www.justunlimited.com\/fr\/mentions-legales-confidentialite\/"]}]},{"@type":"BreadcrumbList","@id":"https:\/\/www.justunlimited.com\/fr\/mentions-legales-confidentialite\/#breadcrumb","itemListElement":[{"@type":"ListItem","position":1,"name":"Accueil","item":"https:\/\/www.justunlimited.com\/fr\/"},{"@type":"ListItem","position":2,"name":"Mentions L\u00e9gales &#038; Confidentialit\u00e9"}]},{"@type":"WebSite","@id":"https:\/\/www.justunlimited.com\/en\/#website","url":"https:\/\/www.justunlimited.com\/en\/","name":"JustUnlimited","description":"Agence \u00e9v\u00e9nementielle de luxe bas\u00e9e \u00e0 Monaco","potentialAction":[{"@type":"SearchAction","target":{"@type":"EntryPoint","urlTemplate":"https:\/\/www.justunlimited.com\/en\/?s={search_term_string}"},"query-input":{"@type":"PropertyValueSpecification","valueRequired":true,"valueName":"search_term_string"}}],"inLanguage":"fr-FR"}]}},"_links":{"self":[{"href":"https:\/\/www.justunlimited.com\/fr\/wp-json\/wp\/v2\/pages\/4678","targetHints":{"allow":["GET"]}}],"collection":[{"href":"https:\/\/www.justunlimited.com\/fr\/wp-json\/wp\/v2\/pages"}],"about":[{"href":"https:\/\/www.justunlimited.com\/fr\/wp-json\/wp\/v2\/types\/page"}],"author":[{"embeddable":true,"href":"https:\/\/www.justunlimited.com\/fr\/wp-json\/wp\/v2\/users\/2"}],"replies":[{"embeddable":true,"href":"https:\/\/www.justunlimited.com\/fr\/wp-json\/wp\/v2\/comments?post=4678"}],"version-history":[{"count":3,"href":"https:\/\/www.justunlimited.com\/fr\/wp-json\/wp\/v2\/pages\/4678\/revisions"}],"predecessor-version":[{"id":4704,"href":"https:\/\/www.justunlimited.com\/fr\/wp-json\/wp\/v2\/pages\/4678\/revisions\/4704"}],"wp:attachment":[{"href":"https:\/\/www.justunlimited.com\/fr\/wp-json\/wp\/v2\/media?parent=4678"}],"curies":[{"name":"wp","href":"https:\/\/api.w.org\/{rel}","templated":true}]}}